{"id":358,"date":"2015-05-13T09:16:52","date_gmt":"2015-05-13T08:16:52","guid":{"rendered":"http:\/\/www.porc-authentique.com\/?page_id=358"},"modified":"2020-02-19T09:39:33","modified_gmt":"2020-02-19T08:39:33","slug":"le-reseau-coherence","status":"publish","type":"page","link":"https:\/\/www.porc-authentique.com\/?page_id=358","title":{"rendered":"le r\u00e9seau Coh\u00e9rence"},"content":{"rendered":"<div style=\"background-repeat: no-repeat;\"><p style=\"text-align: justify;\"><a href=\"https:\/\/www.porc-authentique.com\/wp-content\/uploads\/2015\/05\/logo-coh\u00e9rence.png\"><img loading=\"lazy\" decoding=\"async\" class=\" wp-image-494 alignleft\" src=\"https:\/\/www.porc-authentique.com\/wp-content\/uploads\/2015\/05\/logo-coh\u00e9rence.png\" alt=\"logo-coherence\" width=\"264\" height=\"255\" \/><\/a>Coh\u00e9rence est une association mettant en r\u00e9seau diff\u00e9rents acteurs du d\u00e9veloppement durable sur tout l&#8217;Ouest de la France. Elle r\u00e9alise \u00e9galement des projets innovants de d\u00e9veloppement durable et solidaire. Elle consacre une partie de son activit\u00e9 \u00e0 la promotion du porc sur paille, cette forme d&#8217;\u00e9levage \u00e9tant b\u00e9n\u00e9fique pour l&#8217;environnement et les territoires. C&#8217;est \u00e0 ce titre qu&#8217;elle accompagne les \u00e9leveurs <strong>Porc Authentique \u00e9lev\u00e9 sur paille.<\/strong> C&#8217;est \u00e9galement Coh\u00e9rence qui assure le respect du cahier des charges de la marque, via des s\u00e9ances de certification participative.<\/p>\n<p style=\"text-align: justify;\">Pour en savoir plus sur l&#8217;association, vous pouvez consulter son <a href=\"http:\/\/www.reseau-coherence.org\/\">site web<\/a> ou suivre son actualit\u00e9 sur Facebook.<\/p>\n\n\n<p>Contact Coh\u00e9rence :  06 73 21 06 66 <\/p>\n\n\n\n<p><\/p>\n<\/div>","protected":false},"excerpt":{"rendered":"<p>Coh\u00e9rence est une association mettant en r\u00e9seau diff\u00e9rents acteurs du d\u00e9veloppement durable sur tout l&#8217;Ouest de la France. Elle r\u00e9alise \u00e9galement des projets innovants de d\u00e9veloppement durable et solidaire. Elle consacre une partie de son activit\u00e9 \u00e0 la promotion du porc sur paille, cette forme d&#8217;\u00e9levage \u00e9tant b\u00e9n\u00e9fique pour l&#8217;environnement et les territoires. C&#8217;est \u00e0 &hellip; <a href=\"https:\/\/www.porc-authentique.com\/?page_id=358\" class=\"more-link\">Lire la suite de <span class=\"screen-reader-text\">le r\u00e9seau Coh\u00e9rence<\/span><\/a><\/p>\n","protected":false},"author":4,"featured_media":0,"parent":336,"menu_order":30,"comment_status":"closed","ping_status":"open","template":"","meta":{"footnotes":""},"_links":{"self":[{"href":"https:\/\/www.porc-authentique.com\/index.php?rest_route=\/wp\/v2\/pages\/358"}],"collection":[{"href":"https:\/\/www.porc-authentique.com\/index.php?rest_route=\/wp\/v2\/pages"}],"about":[{"href":"https:\/\/www.porc-authentique.com\/index.php?rest_route=\/wp\/v2\/types\/page"}],"author":[{"embeddable":true,"href":"https:\/\/www.porc-authentique.com\/index.php?rest_route=\/wp\/v2\/users\/4"}],"replies":[{"embeddable":true,"href":"https:\/\/www.porc-authentique.com\/index.php?rest_route=%2Fwp%2Fv2%2Fcomments&post=358"}],"version-history":[{"count":3,"href":"https:\/\/www.porc-authentique.com\/index.php?rest_route=\/wp\/v2\/pages\/358\/revisions"}],"predecessor-version":[{"id":891,"href":"https:\/\/www.porc-authentique.com\/index.php?rest_route=\/wp\/v2\/pages\/358\/revisions\/891"}],"up":[{"embeddable":true,"href":"https:\/\/www.porc-authentique.com\/index.php?rest_route=\/wp\/v2\/pages\/336"}],"wp:attachment":[{"href":"https:\/\/www.porc-authentique.com\/index.php?rest_route=%2Fwp%2Fv2%2Fmedia&parent=358"}],"curies":[{"name":"wp","href":"https:\/\/api.w.org\/{rel}","templated":true}]}}