{"id":354,"date":"2015-05-13T09:16:15","date_gmt":"2015-05-13T08:16:15","guid":{"rendered":"http:\/\/www.porc-authentique.com\/?page_id=354"},"modified":"2022-09-01T14:25:45","modified_gmt":"2022-09-01T13:25:45","slug":"le-prestataire-abattage","status":"publish","type":"page","link":"https:\/\/www.porc-authentique.com\/?page_id=354","title":{"rendered":"Les prestataires abattage"},"content":{"rendered":"<div style=\"background-repeat: no-repeat;\"><h2>Prestataires abattage<\/h2>\n<h4><a href=\"https:\/\/www.porc-authentique.com\/wp-content\/uploads\/2014\/04\/P4290400.jpg\"><img loading=\"lazy\" decoding=\"async\" class=\"  wp-image-291 alignleft\" src=\"https:\/\/www.porc-authentique.com\/wp-content\/uploads\/2014\/04\/P4290400.jpg\" sizes=\"(max-width: 174px) 100vw, 174px\" srcset=\"https:\/\/www.porc-authentique.com\/wp-content\/uploads\/2014\/04\/P4290400.jpg 4608w, https:\/\/www.porc-authentique.com\/wp-content\/uploads\/2014\/04\/P4290400-300x225.jpg 300w, https:\/\/www.porc-authentique.com\/wp-content\/uploads\/2014\/04\/P4290400-1024x768.jpg 1024w, https:\/\/www.porc-authentique.com\/wp-content\/uploads\/2014\/04\/P4290400-700x525.jpg 700w, https:\/\/www.porc-authentique.com\/wp-content\/uploads\/2014\/04\/P4290400-332x249.jpg 332w\" alt=\"P4290400\" width=\"174\" height=\"132\" \/><\/a><\/h4>\n<h4>Soci\u00e9t\u00e9 Quintin Viandes<\/h4>\n<p>5, rue de la Magdeleine<br \/>22800 QUINTIN<\/p>\n<p>Deux \u00e9leveurs de la fili\u00e8re dans le pays de Saint-Brieuc fonctionne avec un abattoir local, une petite structure, \u00e0 taille humaine, proche du lieu d&#8217;\u00e9levage des animaux.<\/p>\n<h4>Autres sites d&#8217;abattage<\/h4>\n<p>Pour des raisons de proximit\u00e9s g\u00e9ographiques les deux autres \u00e9leveurs travaillent avec des abattoirs diff\u00e9rents. Jean-Fran\u00e7ois Viel fonctionne avec l&#8217;abattoir Cooperl de Monfort-sur-Meu et Jean-Fran\u00e7ois Marsollier avec l&#8217;abattoir Abera \u00e0 Saint-Brice en Cogles. <\/p>\n\n\n<p><\/p>\n<\/div>","protected":false},"excerpt":{"rendered":"<p>Prestataires abattage Soci\u00e9t\u00e9 Quintin Viandes 5, rue de la Magdeleine22800 QUINTIN Deux \u00e9leveurs de la fili\u00e8re dans le pays de Saint-Brieuc fonctionne avec un abattoir local, une petite structure, \u00e0 taille humaine, proche du lieu d&#8217;\u00e9levage des animaux. Autres sites d&#8217;abattage Pour des raisons de proximit\u00e9s g\u00e9ographiques les deux autres \u00e9leveurs travaillent avec des abattoirs &hellip; <a href=\"https:\/\/www.porc-authentique.com\/?page_id=354\" class=\"more-link\">Lire la suite de <span class=\"screen-reader-text\">Les prestataires abattage<\/span><\/a><\/p>\n","protected":false},"author":4,"featured_media":0,"parent":336,"menu_order":10,"comment_status":"closed","ping_status":"open","template":"","meta":{"footnotes":""},"_links":{"self":[{"href":"https:\/\/www.porc-authentique.com\/index.php?rest_route=\/wp\/v2\/pages\/354"}],"collection":[{"href":"https:\/\/www.porc-authentique.com\/index.php?rest_route=\/wp\/v2\/pages"}],"about":[{"href":"https:\/\/www.porc-authentique.com\/index.php?rest_route=\/wp\/v2\/types\/page"}],"author":[{"embeddable":true,"href":"https:\/\/www.porc-authentique.com\/index.php?rest_route=\/wp\/v2\/users\/4"}],"replies":[{"embeddable":true,"href":"https:\/\/www.porc-authentique.com\/index.php?rest_route=%2Fwp%2Fv2%2Fcomments&post=354"}],"version-history":[{"count":3,"href":"https:\/\/www.porc-authentique.com\/index.php?rest_route=\/wp\/v2\/pages\/354\/revisions"}],"predecessor-version":[{"id":1094,"href":"https:\/\/www.porc-authentique.com\/index.php?rest_route=\/wp\/v2\/pages\/354\/revisions\/1094"}],"up":[{"embeddable":true,"href":"https:\/\/www.porc-authentique.com\/index.php?rest_route=\/wp\/v2\/pages\/336"}],"wp:attachment":[{"href":"https:\/\/www.porc-authentique.com\/index.php?rest_route=%2Fwp%2Fv2%2Fmedia&parent=354"}],"curies":[{"name":"wp","href":"https:\/\/api.w.org\/{rel}","templated":true}]}}