{"id":352,"date":"2015-05-13T09:15:52","date_gmt":"2015-05-13T08:15:52","guid":{"rendered":"http:\/\/www.porc-authentique.com\/?page_id=352"},"modified":"2023-06-09T07:44:30","modified_gmt":"2023-06-09T06:44:30","slug":"les-eleveurs","status":"publish","type":"page","link":"https:\/\/www.porc-authentique.com\/?page_id=352","title":{"rendered":"les \u00e9leveurs"},"content":{"rendered":"<div style=\"background-repeat: no-repeat;\"><h2><span style=\"color: #ff6600;\">Les producteurs de porcs sur paille<\/span><\/h2>\n<h4><a href=\"https:\/\/www.porc-authentique.com\/wp-content\/uploads\/2014\/04\/P3310034.jpg\"><img loading=\"lazy\" decoding=\"async\" class=\" wp-image-304 alignleft\" src=\"https:\/\/www.porc-authentique.com\/wp-content\/uploads\/2014\/04\/P3310034.jpg\" alt=\"P3310034\" width=\"319\" height=\"242\" \/><\/a><strong>Norbert Lesn\u00e9<\/strong><\/h4>\n<p>La Corderie, 22 PL\u00c9LO<\/p>\n<p>Norbert Lesn\u00e9, avec l\u2019aide de sa famille, \u00e9l\u00e8ve des porcs sur paille, 400 porcs par an. Il est naisseur et engraisseur, c&#8217;est \u00e0 dire qu&#8217;il \u00e9l\u00e8ve des reproducteurs (8 truies et un verrat) et g\u00e8re gestation et la mise bas des porcelets. Toute la fili\u00e8re est contr\u00f4l\u00e9e, depuis les soins prodigu\u00e9s aux porcelets jusqu&#8217;\u00e0 l\u2019alimentation,\u00a0 fabriqu\u00e9e sur la ferme et compos\u00e9e \u00e0 70% de c\u00e9r\u00e9ales de l\u2019exploitation. L&#8217;\u00e9levage sur paille et sous cahier des charges est une \u00e9vidence pour Norbert, \u00e9leveur sensible \u00e0 l&#8217;environnement, \u00e0 la qualit\u00e9 des produits, et au bien-\u00eatre animal.<\/p>\n<hr \/>\n<h4><a href=\"https:\/\/www.porc-authentique.com\/wp-content\/uploads\/2022\/08\/20220620_201127.png\"><img loading=\"lazy\" decoding=\"async\" class=\"alignleft wp-image-1024 size-medium\" src=\"https:\/\/www.porc-authentique.com\/wp-content\/uploads\/2022\/08\/20220620_201127-300x200.png\" alt=\"\" width=\"300\" height=\"200\" srcset=\"https:\/\/www.porc-authentique.com\/wp-content\/uploads\/2022\/08\/20220620_201127-300x200.png 300w, https:\/\/www.porc-authentique.com\/wp-content\/uploads\/2022\/08\/20220620_201127-1024x683.png 1024w, https:\/\/www.porc-authentique.com\/wp-content\/uploads\/2022\/08\/20220620_201127-768x512.png 768w, https:\/\/www.porc-authentique.com\/wp-content\/uploads\/2022\/08\/20220620_201127-100x67.png 100w, https:\/\/www.porc-authentique.com\/wp-content\/uploads\/2022\/08\/20220620_201127-150x100.png 150w, https:\/\/www.porc-authentique.com\/wp-content\/uploads\/2022\/08\/20220620_201127-200x133.png 200w, https:\/\/www.porc-authentique.com\/wp-content\/uploads\/2022\/08\/20220620_201127-450x300.png 450w, https:\/\/www.porc-authentique.com\/wp-content\/uploads\/2022\/08\/20220620_201127-600x400.png 600w, https:\/\/www.porc-authentique.com\/wp-content\/uploads\/2022\/08\/20220620_201127-900x600.png 900w, https:\/\/www.porc-authentique.com\/wp-content\/uploads\/2022\/08\/20220620_201127.png 1080w\" sizes=\"(max-width: 300px) 100vw, 300px\" \/><\/a><strong>Jean-Fran\u00e7ois Viel <\/strong><\/h4>\n<p>Ferme du Ty Viel, la Tinguais, 22 ILLIFAUT.<\/p>\n<p>Jean-Fran\u00e7ois a repris la ferme familiale qui produisait du lait et du porc \u00e0 fa\u00e7on. Il a arr\u00eat\u00e9 l&#8217;\u00e9levage laitier et a d\u00e9cider de diriger l&#8217;ensemble de sa production en circuit-court et de proximit\u00e9. Install\u00e9 en 2022, il a pour objectif de produire 1000 porcs, en Porc Authentique, \u00e0 destination des bouchers-charcutiers et aussi pour les cantines du bassin rennais. Labellis\u00e9 <a href=\"https:\/\/terresdesources.fr\/\">Terres de Sources<\/a>, il a d\u00e8s son installation souhait\u00e9 rejoindre le r\u00e9seau des fermes certifi\u00e9es Coh\u00e9rence, pour mettre en avant sa volont\u00e9 de protection de la ressource en eau, de mise en place d&#8217;un syst\u00e8me agro\u00e9cologique. Il produit \u00e9galement des vaches Angus, du miel et du jus de pomme certifi\u00e9 bio.<\/p>\n<hr \/>\n<h4><b><a href=\"https:\/\/www.porc-authentique.com\/wp-content\/uploads\/2018\/10\/DSC_0301.jpg\"><img loading=\"lazy\" decoding=\"async\" class=\"size-medium wp-image-671 alignleft\" src=\"https:\/\/www.porc-authentique.com\/wp-content\/uploads\/2018\/10\/DSC_0301-300x200.jpg\" alt=\"\" width=\"300\" height=\"200\" \/><\/a> Jean-Fran\u00e7ois MARSOLLIER<\/b><\/h4>\n<p>Route de la Vieuville, 35\u00a0<span class=\"st\">MOUTIERS<\/span><\/p>\n<p>Jean-Fran\u00e7ois Marsollier produit environ 600 porcs par an. Ils sont en partie commercialis\u00e9s en Porc Authentique via des boucheries, mais \u00e9galement dans des restaurants de Rennes par exemple. Jean-Fran\u00e7ois propose \u00e9galement toute une gamme de produit transform\u00e9s en bocaux, pour les bars, cavistes ou bien encor les \u00e9piceries fines. Une partie de ses jambons sont envoy\u00e9s en Corr\u00e8ze chez un salaisonnier , et il commercialise donc \u00e9galement des jambons sec et saucissons sec.<\/p>\n\n\n<hr class=\"wp-block-separator has-alpha-channel-opacity\"\/>\n\n\n\n<div class=\"wp-block-buttons is-layout-flex wp-block-buttons-is-layout-flex\">\n<div class=\"wp-block-button\"><a class=\"wp-block-button__link wp-element-button\">Vous \u00eates \u00e9leveur.euse et \u00eates int\u00e9ress\u00e9 par notre d\u00e9marche ? Contactez-nous !<\/a><\/div>\n<\/div>\n<\/div>","protected":false},"excerpt":{"rendered":"<p>Les producteurs de porcs sur paille Norbert Lesn\u00e9 La Corderie, 22 PL\u00c9LO Norbert Lesn\u00e9, avec l\u2019aide de sa famille, \u00e9l\u00e8ve des porcs sur paille, 400 porcs par an. Il est naisseur et engraisseur, c&#8217;est \u00e0 dire qu&#8217;il \u00e9l\u00e8ve des reproducteurs (8 truies et un verrat) et g\u00e8re gestation et la mise bas des porcelets. Toute &hellip; <a href=\"https:\/\/www.porc-authentique.com\/?page_id=352\" class=\"more-link\">Lire la suite de <span class=\"screen-reader-text\">les \u00e9leveurs<\/span><\/a><\/p>\n","protected":false},"author":4,"featured_media":0,"parent":336,"menu_order":50,"comment_status":"closed","ping_status":"open","template":"","meta":{"footnotes":""},"_links":{"self":[{"href":"https:\/\/www.porc-authentique.com\/index.php?rest_route=\/wp\/v2\/pages\/352"}],"collection":[{"href":"https:\/\/www.porc-authentique.com\/index.php?rest_route=\/wp\/v2\/pages"}],"about":[{"href":"https:\/\/www.porc-authentique.com\/index.php?rest_route=\/wp\/v2\/types\/page"}],"author":[{"embeddable":true,"href":"https:\/\/www.porc-authentique.com\/index.php?rest_route=\/wp\/v2\/users\/4"}],"replies":[{"embeddable":true,"href":"https:\/\/www.porc-authentique.com\/index.php?rest_route=%2Fwp%2Fv2%2Fcomments&post=352"}],"version-history":[{"count":8,"href":"https:\/\/www.porc-authentique.com\/index.php?rest_route=\/wp\/v2\/pages\/352\/revisions"}],"predecessor-version":[{"id":1101,"href":"https:\/\/www.porc-authentique.com\/index.php?rest_route=\/wp\/v2\/pages\/352\/revisions\/1101"}],"up":[{"embeddable":true,"href":"https:\/\/www.porc-authentique.com\/index.php?rest_route=\/wp\/v2\/pages\/336"}],"wp:attachment":[{"href":"https:\/\/www.porc-authentique.com\/index.php?rest_route=%2Fwp%2Fv2%2Fmedia&parent=352"}],"curies":[{"name":"wp","href":"https:\/\/api.w.org\/{rel}","templated":true}]}}