{"id":336,"date":"2015-05-13T09:06:54","date_gmt":"2015-05-13T08:06:54","guid":{"rendered":"http:\/\/www.porc-authentique.com\/?page_id=336"},"modified":"2022-08-31T12:41:52","modified_gmt":"2022-08-31T11:41:52","slug":"les-acteurs","status":"publish","type":"page","link":"https:\/\/www.porc-authentique.com\/?page_id=336","title":{"rendered":"Le Porc Authentique, c&#8217;est qui ?"},"content":{"rendered":"<div style=\"background-repeat: no-repeat;\"><h4 style=\"text-align: left; padding-left: 30px;\"><a title=\"les \u00e9leveurs\" href=\"https:\/\/www.porc-authentique.com\/?page_id=352\">les \u00e9leveurs<\/a><\/h4>\n<h4 style=\"text-align: left; padding-left: 30px;\"><a title=\"le prestataire abattage\" href=\"https:\/\/www.porc-authentique.com\/?page_id=354\">le prestataire abattage<\/a><\/h4>\n<h4 style=\"text-align: left; padding-left: 30px;\"><a title=\"les bouchers\" href=\"https:\/\/www.porc-authentique.com\/?page_id=356\">les bouchers<\/a><\/h4>\n<h4 style=\"text-align: left; padding-left: 30px;\"><a title=\"le r\u00e9seau Coh\u00e9rence\" href=\"https:\/\/www.porc-authentique.com\/?page_id=358\">le r\u00e9seau Coh\u00e9rence<\/a><\/h4>\n<\/div>","protected":false},"excerpt":{"rendered":"<p>les \u00e9leveurs le prestataire abattage les bouchers le r\u00e9seau Coh\u00e9rence<\/p>\n","protected":false},"author":4,"featured_media":0,"parent":0,"menu_order":500,"comment_status":"closed","ping_status":"closed","template":"","meta":{"footnotes":""},"_links":{"self":[{"href":"https:\/\/www.porc-authentique.com\/index.php?rest_route=\/wp\/v2\/pages\/336"}],"collection":[{"href":"https:\/\/www.porc-authentique.com\/index.php?rest_route=\/wp\/v2\/pages"}],"about":[{"href":"https:\/\/www.porc-authentique.com\/index.php?rest_route=\/wp\/v2\/types\/page"}],"author":[{"embeddable":true,"href":"https:\/\/www.porc-authentique.com\/index.php?rest_route=\/wp\/v2\/users\/4"}],"replies":[{"embeddable":true,"href":"https:\/\/www.porc-authentique.com\/index.php?rest_route=%2Fwp%2Fv2%2Fcomments&post=336"}],"version-history":[{"count":3,"href":"https:\/\/www.porc-authentique.com\/index.php?rest_route=\/wp\/v2\/pages\/336\/revisions"}],"predecessor-version":[{"id":1042,"href":"https:\/\/www.porc-authentique.com\/index.php?rest_route=\/wp\/v2\/pages\/336\/revisions\/1042"}],"wp:attachment":[{"href":"https:\/\/www.porc-authentique.com\/index.php?rest_route=%2Fwp%2Fv2%2Fmedia&parent=336"}],"curies":[{"name":"wp","href":"https:\/\/api.w.org\/{rel}","templated":true}]}}