{"id":321,"date":"2015-05-13T07:46:39","date_gmt":"2015-05-13T06:46:39","guid":{"rendered":"http:\/\/www.porc-authentique.com\/?page_id=321"},"modified":"2018-07-08T23:24:49","modified_gmt":"2018-07-08T22:24:49","slug":"nos-videos","status":"publish","type":"page","link":"https:\/\/www.porc-authentique.com\/?page_id=321","title":{"rendered":"Nos vid\u00e9os"},"content":{"rendered":"<div style=\"background-repeat: no-repeat;\"><p><strong>Pr\u00e9sentation de la fili\u00e8re en 3 vid\u00e9os<\/strong><\/p>\n<p><iframe loading=\"lazy\" title=\"Le porc authentique \u00e9lev\u00e9 sur paille\" width=\"712\" height=\"401\" src=\"https:\/\/www.youtube.com\/embed\/AMnYKnLyl8Q?feature=oembed\" frameborder=\"0\" allow=\"accelerometer; autoplay; clipboard-write; encrypted-media; gyroscope; picture-in-picture\" allowfullscreen><\/iframe><\/p>\n<p><iframe loading=\"lazy\" title=\"Le Porc Authentique \u00c9lev\u00e9 sur Paille\" width=\"712\" height=\"401\" src=\"https:\/\/www.youtube.com\/embed\/gR6KUO6hC8U?feature=oembed\" frameborder=\"0\" allow=\"accelerometer; autoplay; clipboard-write; encrypted-media; gyroscope; picture-in-picture\" allowfullscreen><\/iframe><\/p>\n<p><iframe loading=\"lazy\" title=\"Porc sur paille - troph\u00e9e breton du d\u00e9veloppement durable\" width=\"712\" height=\"401\" src=\"https:\/\/www.youtube.com\/embed\/YjU043b5qQ0?feature=oembed\" frameborder=\"0\" allow=\"accelerometer; autoplay; clipboard-write; encrypted-media; gyroscope; picture-in-picture\" allowfullscreen><\/iframe><\/p>\n<p><iframe src=\"https:\/\/www.tvr.bzh\/interactiv_video_player\/148459\" allowfullscreen style=\"border:none;width:100%;height:400px\"><\/iframe><\/p>\n<\/div>","protected":false},"excerpt":{"rendered":"<p>Pr\u00e9sentation de la fili\u00e8re en 3 vid\u00e9os<\/p>\n","protected":false},"author":4,"featured_media":0,"parent":32,"menu_order":200,"comment_status":"closed","ping_status":"closed","template":"","meta":{"footnotes":""},"_links":{"self":[{"href":"https:\/\/www.porc-authentique.com\/index.php?rest_route=\/wp\/v2\/pages\/321"}],"collection":[{"href":"https:\/\/www.porc-authentique.com\/index.php?rest_route=\/wp\/v2\/pages"}],"about":[{"href":"https:\/\/www.porc-authentique.com\/index.php?rest_route=\/wp\/v2\/types\/page"}],"author":[{"embeddable":true,"href":"https:\/\/www.porc-authentique.com\/index.php?rest_route=\/wp\/v2\/users\/4"}],"replies":[{"embeddable":true,"href":"https:\/\/www.porc-authentique.com\/index.php?rest_route=%2Fwp%2Fv2%2Fcomments&post=321"}],"version-history":[{"count":14,"href":"https:\/\/www.porc-authentique.com\/index.php?rest_route=\/wp\/v2\/pages\/321\/revisions"}],"predecessor-version":[{"id":649,"href":"https:\/\/www.porc-authentique.com\/index.php?rest_route=\/wp\/v2\/pages\/321\/revisions\/649"}],"up":[{"embeddable":true,"href":"https:\/\/www.porc-authentique.com\/index.php?rest_route=\/wp\/v2\/pages\/32"}],"wp:attachment":[{"href":"https:\/\/www.porc-authentique.com\/index.php?rest_route=%2Fwp%2Fv2%2Fmedia&parent=321"}],"curies":[{"name":"wp","href":"https:\/\/api.w.org\/{rel}","templated":true}]}}