{"id":319,"date":"2015-05-13T07:46:20","date_gmt":"2015-05-13T06:46:20","guid":{"rendered":"http:\/\/www.porc-authentique.com\/?page_id=319"},"modified":"2016-10-16T20:21:25","modified_gmt":"2016-10-16T19:21:25","slug":"nos-photos","status":"publish","type":"page","link":"https:\/\/www.porc-authentique.com\/?page_id=319","title":{"rendered":"Nos Photos"},"content":{"rendered":"<div style=\"background-repeat: no-repeat;\"><h5><strong>D\u00e9couvrez en image la ferme de la Moinerie, de Pascal et Sylvie Lhermitte, qui ont rejoint la fili\u00e8re cette \u00e9t\u00e9! <a href=\"https:\/\/www.porc-authentique.com\/wp-content\/uploads\/2016\/09\/13319763_1160395494010712_8200570879321471413_n.jpg\"><img loading=\"lazy\" decoding=\"async\" class=\"wp-image-445 alignleft\" src=\"https:\/\/www.porc-authentique.com\/wp-content\/uploads\/2016\/09\/13319763_1160395494010712_8200570879321471413_n.jpg\" alt=\"13319763_1160395494010712_8200570879321471413_n\" width=\"523\" height=\"394\" \/><\/a><br \/>\n<\/strong><\/h5>\n<p><a href=\"https:\/\/www.porc-authentique.com\/wp-content\/uploads\/2016\/09\/11695994_970234146360182_2823401606821531377_n.jpg\"><img loading=\"lazy\" decoding=\"async\" class=\" wp-image-443 aligncenter\" src=\"https:\/\/www.porc-authentique.com\/wp-content\/uploads\/2016\/09\/11695994_970234146360182_2823401606821531377_n.jpg\" alt=\"11695994_970234146360182_2823401606821531377_n\" width=\"614\" height=\"349\" \/><\/a> <a href=\"https:\/\/www.porc-authentique.com\/wp-content\/uploads\/2016\/09\/13775913_1191754080874853_4171297453880089338_n.jpg\"><img loading=\"lazy\" decoding=\"async\" class=\" wp-image-447 alignright\" src=\"https:\/\/www.porc-authentique.com\/wp-content\/uploads\/2016\/09\/13775913_1191754080874853_4171297453880089338_n.jpg\" alt=\"13775913_1191754080874853_4171297453880089338_n\" width=\"512\" height=\"292\" \/><\/a><\/p>\n<figure id=\"attachment_446\" aria-describedby=\"caption-attachment-446\" style=\"width: 534px\" class=\"wp-caption aligncenter\"><a href=\"https:\/\/www.porc-authentique.com\/wp-content\/uploads\/2016\/09\/13592698_1179006588816269_1230800614263607237_n.jpg\"><img loading=\"lazy\" decoding=\"async\" class=\"wp-image-446 \" src=\"https:\/\/www.porc-authentique.com\/wp-content\/uploads\/2016\/09\/13592698_1179006588816269_1230800614263607237_n.jpg\" alt=\"13592698_1179006588816269_1230800614263607237_n\" width=\"534\" height=\"300\" srcset=\"https:\/\/www.porc-authentique.com\/wp-content\/uploads\/2016\/09\/13592698_1179006588816269_1230800614263607237_n.jpg 480w, https:\/\/www.porc-authentique.com\/wp-content\/uploads\/2016\/09\/13592698_1179006588816269_1230800614263607237_n-300x168.jpg 300w\" sizes=\"(max-width: 534px) 100vw, 534px\" \/><\/a><figcaption id=\"caption-attachment-446\" class=\"wp-caption-text\">Culture de lin, \u00e0 la ferme de la Moinerie. Riches en om\u00e9ga 3, il sera int\u00e9gr\u00e9 \u00e0 l&#8217;aliment des animaux.<\/figcaption><\/figure>\n<p><a href=\"https:\/\/www.porc-authentique.com\/wp-content\/uploads\/2016\/09\/59363_1098520153531580_6557104612271134772_n.jpg\"><img loading=\"lazy\" decoding=\"async\" class=\"wp-image-442 alignleft\" src=\"https:\/\/www.porc-authentique.com\/wp-content\/uploads\/2016\/09\/59363_1098520153531580_6557104612271134772_n.jpg\" alt=\"59363_1098520153531580_6557104612271134772_n\" width=\"410\" height=\"542\" \/><\/a><\/p>\n<figure id=\"attachment_444\" aria-describedby=\"caption-attachment-444\" style=\"width: 518px\" class=\"wp-caption aligncenter\"><a href=\"https:\/\/www.porc-authentique.com\/wp-content\/uploads\/2016\/09\/13312691_1160395970677331_5245535185408335787_n.jpg\"><img loading=\"lazy\" decoding=\"async\" class=\"wp-image-444\" src=\"https:\/\/www.porc-authentique.com\/wp-content\/uploads\/2016\/09\/13312691_1160395970677331_5245535185408335787_n.jpg\" alt=\"une ferme ouverte chez Pascal et Sylvie Lhermitte.\" width=\"518\" height=\"389\" srcset=\"https:\/\/www.porc-authentique.com\/wp-content\/uploads\/2016\/09\/13312691_1160395970677331_5245535185408335787_n.jpg 960w, https:\/\/www.porc-authentique.com\/wp-content\/uploads\/2016\/09\/13312691_1160395970677331_5245535185408335787_n-300x225.jpg 300w, https:\/\/www.porc-authentique.com\/wp-content\/uploads\/2016\/09\/13312691_1160395970677331_5245535185408335787_n-768x576.jpg 768w, https:\/\/www.porc-authentique.com\/wp-content\/uploads\/2016\/09\/13312691_1160395970677331_5245535185408335787_n-700x525.jpg 700w\" sizes=\"(max-width: 518px) 100vw, 518px\" \/><\/a><figcaption id=\"caption-attachment-444\" class=\"wp-caption-text\">Une ferme ouverte chez Pascal et Sylvie Lhermitte.<\/figcaption><\/figure>\n<h5><strong>Photos d&#8217;\u00e9levage de porcs sur paille<\/strong><\/h5>\n<p><a href=\"https:\/\/www.porc-authentique.com\/wp-content\/uploads\/2014\/04\/banniere_4721.jpg\"><img loading=\"lazy\" decoding=\"async\" class=\"alignnone size-full wp-image-111\" src=\"https:\/\/www.porc-authentique.com\/wp-content\/uploads\/2014\/04\/banniere_4721.jpg\" alt=\"banniere_4721\" width=\"980\" height=\"355\" srcset=\"https:\/\/www.porc-authentique.com\/wp-content\/uploads\/2014\/04\/banniere_4721.jpg 980w, https:\/\/www.porc-authentique.com\/wp-content\/uploads\/2014\/04\/banniere_4721-300x108.jpg 300w\" sizes=\"(max-width: 980px) 100vw, 980px\" \/><\/a> <a href=\"https:\/\/www.porc-authentique.com\/wp-content\/uploads\/2014\/04\/porc.png\"><img loading=\"lazy\" decoding=\"async\" class=\"alignnone size-full wp-image-38\" src=\"https:\/\/www.porc-authentique.com\/wp-content\/uploads\/2014\/04\/porc.png\" alt=\"porc\" width=\"865\" height=\"310\" srcset=\"https:\/\/www.porc-authentique.com\/wp-content\/uploads\/2014\/04\/porc.png 865w, https:\/\/www.porc-authentique.com\/wp-content\/uploads\/2014\/04\/porc-300x107.png 300w\" sizes=\"(max-width: 865px) 100vw, 865px\" \/><\/a> <a href=\"https:\/\/www.porc-authentique.com\/wp-content\/uploads\/2014\/04\/test.jpg\"><img loading=\"lazy\" decoding=\"async\" class=\"alignnone size-full wp-image-22\" src=\"https:\/\/www.porc-authentique.com\/wp-content\/uploads\/2014\/04\/test.jpg\" alt=\"test\" width=\"801\" height=\"320\" srcset=\"https:\/\/www.porc-authentique.com\/wp-content\/uploads\/2014\/04\/test.jpg 801w, https:\/\/www.porc-authentique.com\/wp-content\/uploads\/2014\/04\/test-300x119.jpg 300w\" sizes=\"(max-width: 801px) 100vw, 801px\" \/><\/a><\/p>\n<h5>\u00a0<strong>Viande de Porc Authentique \u00e9lev\u00e9 sur paille dans une boucherie du r\u00e9seau<\/strong><\/h5>\n<p><a href=\"https:\/\/www.porc-authentique.com\/wp-content\/uploads\/2014\/04\/charcuterie.png\"><img loading=\"lazy\" decoding=\"async\" class=\"alignnone size-full wp-image-25\" src=\"https:\/\/www.porc-authentique.com\/wp-content\/uploads\/2014\/04\/charcuterie.png\" alt=\"charcuterie\" width=\"864\" height=\"313\" srcset=\"https:\/\/www.porc-authentique.com\/wp-content\/uploads\/2014\/04\/charcuterie.png 864w, https:\/\/www.porc-authentique.com\/wp-content\/uploads\/2014\/04\/charcuterie-300x108.png 300w\" sizes=\"(max-width: 864px) 100vw, 864px\" \/><\/a> <a href=\"https:\/\/www.porc-authentique.com\/wp-content\/uploads\/2014\/04\/IMG_6534.jpg\"><img loading=\"lazy\" decoding=\"async\" class=\"alignnone size-full wp-image-74\" src=\"https:\/\/www.porc-authentique.com\/wp-content\/uploads\/2014\/04\/IMG_6534.jpg\" alt=\"\" width=\"3888\" height=\"2592\" \/><\/a><\/p>\n<p>&nbsp;<\/p>\n<h5><strong>Notre participation annuelle \u00e0 la f\u00eate des jardins et de l&#8217;agriculture de l&#8217;association Eaux et Rivi\u00e8res, \u00e0 Belle-Isle-en-Terre<br \/>\n<\/strong><\/h5>\n<h5><a href=\"https:\/\/www.porc-authentique.com\/wp-content\/uploads\/2015\/05\/P5090532.jpg\"><img loading=\"lazy\" decoding=\"async\" class=\" wp-image-379 alignleft\" src=\"https:\/\/www.porc-authentique.com\/wp-content\/uploads\/2015\/05\/P5090532.jpg\" alt=\"P5090532\" width=\"320\" height=\"243\" \/><\/a> <a href=\"https:\/\/www.porc-authentique.com\/wp-content\/uploads\/2015\/05\/hhh.jpg\"><img loading=\"lazy\" decoding=\"async\" class=\" wp-image-381 aligncenter\" src=\"https:\/\/www.porc-authentique.com\/wp-content\/uploads\/2015\/05\/hhh.jpg\" alt=\"OLYMPUS DIGITAL CAMERA\" width=\"347\" height=\"259\" \/><\/a> <a href=\"https:\/\/www.porc-authentique.com\/wp-content\/uploads\/2015\/05\/P5090533.jpg\"><img loading=\"lazy\" decoding=\"async\" class=\" wp-image-382 aligncenter\" src=\"https:\/\/www.porc-authentique.com\/wp-content\/uploads\/2015\/05\/P5090533.jpg\" alt=\"P5090533\" width=\"380\" height=\"287\" \/><\/a><\/h5>\n<h5><\/h5>\n<h5><strong>Conf\u00e9rence de presse \u00e0 la boucherie Maison Feger<\/strong><\/h5>\n<h5><a href=\"https:\/\/www.porc-authentique.com\/wp-content\/uploads\/2015\/05\/P4270360.jpg\"><img loading=\"lazy\" decoding=\"async\" class=\"alignnone wp-image-392\" src=\"https:\/\/www.porc-authentique.com\/wp-content\/uploads\/2015\/05\/P4270360.jpg\" alt=\"P4270360\" width=\"289\" height=\"220\" \/><\/a> <a href=\"https:\/\/www.porc-authentique.com\/wp-content\/uploads\/2015\/05\/P4270379.jpg\"><img loading=\"lazy\" decoding=\"async\" class=\"alignnone wp-image-393\" src=\"https:\/\/www.porc-authentique.com\/wp-content\/uploads\/2015\/05\/P4270379.jpg\" alt=\"P4270379\" width=\"289\" height=\"218\" \/><\/a><\/h5>\n<h5><\/h5>\n<h5><strong>La porte ouverte chez Norbert Lesn\u00e9 le 13 mai<\/strong><\/h5>\n<p><a href=\"https:\/\/www.porc-authentique.com\/wp-content\/uploads\/2015\/05\/P5120504.jpg\"><img loading=\"lazy\" decoding=\"async\" class=\"alignnone wp-image-383\" src=\"https:\/\/www.porc-authentique.com\/wp-content\/uploads\/2015\/05\/P5120504.jpg\" alt=\"P5120504\" width=\"267\" height=\"203\" \/><\/a> <a href=\"https:\/\/www.porc-authentique.com\/wp-content\/uploads\/2015\/05\/P5120513.jpg\"><img loading=\"lazy\" decoding=\"async\" class=\"alignnone wp-image-384\" src=\"https:\/\/www.porc-authentique.com\/wp-content\/uploads\/2015\/05\/P5120513.jpg\" alt=\"P5120513\" width=\"268\" height=\"203\" \/><\/a> <a href=\"https:\/\/www.porc-authentique.com\/wp-content\/uploads\/2015\/05\/P5120517.jpg\"><img loading=\"lazy\" decoding=\"async\" class=\"alignnone wp-image-385\" src=\"https:\/\/www.porc-authentique.com\/wp-content\/uploads\/2015\/05\/P5120517.jpg\" alt=\"P5120517\" width=\"268\" height=\"203\" \/><\/a> <a href=\"https:\/\/www.porc-authentique.com\/wp-content\/uploads\/2015\/05\/P5120523.jpg\"><img loading=\"lazy\" decoding=\"async\" class=\"alignnone wp-image-386\" src=\"https:\/\/www.porc-authentique.com\/wp-content\/uploads\/2015\/05\/P5120523.jpg\" alt=\"P5120523\" width=\"267\" height=\"202\" \/><\/a> <a href=\"https:\/\/www.porc-authentique.com\/wp-content\/uploads\/2015\/05\/P5120528.jpg\"><img loading=\"lazy\" decoding=\"async\" class=\"alignnone wp-image-387\" src=\"https:\/\/www.porc-authentique.com\/wp-content\/uploads\/2015\/05\/P5120528.jpg\" alt=\"P5120528\" width=\"268\" height=\"203\" \/><\/a><a href=\"https:\/\/www.porc-authentique.com\/wp-content\/uploads\/2015\/05\/IMG_0413_2.jpg\"><img loading=\"lazy\" decoding=\"async\" class=\"alignnone wp-image-390\" src=\"https:\/\/www.porc-authentique.com\/wp-content\/uploads\/2015\/05\/IMG_0413_2.jpg\" alt=\"IMG_0413_2\" width=\"266\" height=\"202\" \/><\/a><\/p>\n<\/div>","protected":false},"excerpt":{"rendered":"<p>D\u00e9couvrez en image la ferme de la Moinerie, de Pascal et Sylvie Lhermitte, qui ont rejoint la fili\u00e8re cette \u00e9t\u00e9! Photos d&#8217;\u00e9levage de porcs sur paille \u00a0Viande de Porc Authentique \u00e9lev\u00e9 sur paille dans une boucherie du r\u00e9seau &nbsp; Notre participation annuelle \u00e0 la f\u00eate des jardins et de l&#8217;agriculture de l&#8217;association Eaux et Rivi\u00e8res, &hellip; <a href=\"https:\/\/www.porc-authentique.com\/?page_id=319\" class=\"more-link\">Lire la suite de <span class=\"screen-reader-text\">Nos Photos<\/span><\/a><\/p>\n","protected":false},"author":4,"featured_media":0,"parent":32,"menu_order":100,"comment_status":"closed","ping_status":"closed","template":"","meta":{"footnotes":""},"_links":{"self":[{"href":"https:\/\/www.porc-authentique.com\/index.php?rest_route=\/wp\/v2\/pages\/319"}],"collection":[{"href":"https:\/\/www.porc-authentique.com\/index.php?rest_route=\/wp\/v2\/pages"}],"about":[{"href":"https:\/\/www.porc-authentique.com\/index.php?rest_route=\/wp\/v2\/types\/page"}],"author":[{"embeddable":true,"href":"https:\/\/www.porc-authentique.com\/index.php?rest_route=\/wp\/v2\/users\/4"}],"replies":[{"embeddable":true,"href":"https:\/\/www.porc-authentique.com\/index.php?rest_route=%2Fwp%2Fv2%2Fcomments&post=319"}],"version-history":[{"count":8,"href":"https:\/\/www.porc-authentique.com\/index.php?rest_route=\/wp\/v2\/pages\/319\/revisions"}],"predecessor-version":[{"id":496,"href":"https:\/\/www.porc-authentique.com\/index.php?rest_route=\/wp\/v2\/pages\/319\/revisions\/496"}],"up":[{"embeddable":true,"href":"https:\/\/www.porc-authentique.com\/index.php?rest_route=\/wp\/v2\/pages\/32"}],"wp:attachment":[{"href":"https:\/\/www.porc-authentique.com\/index.php?rest_route=%2Fwp%2Fv2%2Fmedia&parent=319"}],"curies":[{"name":"wp","href":"https:\/\/api.w.org\/{rel}","templated":true}]}}