{"id":30,"date":"2014-04-02T10:07:31","date_gmt":"2014-04-02T09:07:31","guid":{"rendered":"http:\/\/cmscoh.alwaysdata.net\/porc\/?page_id=30"},"modified":"2019-01-18T12:36:29","modified_gmt":"2019-01-18T11:36:29","slug":"presse","status":"publish","type":"page","link":"https:\/\/www.porc-authentique.com\/?page_id=30","title":{"rendered":"Revue de presse"},"content":{"rendered":"<div style=\"background-repeat: no-repeat;\"><p><strong>Revue de presse d&#8217;un r\u00e9seau qui n&#8217;attend que vous pour s&#8217;\u00e9toffer&#8230;<\/strong><\/p>\n<ul>\n<li><a href=\"https:\/\/www.lemonde.fr\/planete\/article\/2019\/01\/17\/rennes-organise-sa-revolution-agricole_5410288_3244.html?fbclid=IwAR2ahaxAEv-09_qKc80rDb4O64QPWdCUMm3R9bcQhrOUX_pOWqmbkpDdVO0\">Article Le Monde : &#8220;Rennes organise sa r\u00e9volution agricole&#8221;<\/a> 17 janvier 2019<\/li>\n<li><a href=\"https:\/\/www.porc-authentique.com\/wp-admin\/post.php?post=705&amp;action=edit\">Suppl\u00e9ment &#8220;Bien \u00eatre Animal&#8221; 60 Millions de consommateurs<\/a> Nov-D\u00e9c 2018<\/li>\n<li><a href=\"https:\/\/www.paysan-breton.fr\/2018\/10\/porc-eleves-sur-paille-vendus-en-charcuteries\/\">Article Le Paysan Breton<\/a>\u00a0 (acc\u00e8s r\u00e9serv\u00e9) 06\/10\/18<\/li>\n<li><a href=\"https:\/\/www.ouest-france.fr\/bretagne\/plelo-22170\/plelo-l-elevage-de-porcs-bretons-interesse-les-coreens-5953396\">Article Ouest France<\/a>\u00a0 06\/09\/18<\/li>\n<li><a href=\"https:\/\/www.letelegramme.fr\/economie\/elevage-le-porc-authentique-breton-seduit-la-coree-du-sud-04-09-2018-12068914.php\">Article Le T\u00e9l\u00e9gramme<\/a>\u00a005\/09\/18<\/li>\n<li><a href=\"https:\/\/rcf.fr\/actualite\/la-coree-du-sud-s-interesse-aux-methodes-d-elevage-costarmoricaines\">Reportage RCF 22<\/a> 05\/09\/18<\/li>\n<li><a href=\"https:\/\/france3-regions.francetvinfo.fr\/bretagne\/emissions\/jt-1920-bretagne\">\u00a0Reportage France 3 Bretagne<\/a>\u00a0 04\/09\/18<\/li>\n<li><a href=\"https:\/\/www.ouest-france.fr\/bretagne\/moutiers-35130\/du-porc-sur-paille-en-direct-de-l-eleveur-au-boucher-5861353\">Article Ouest France<\/a> 04\/07\/18<\/li>\n<li><a href=\"https:\/\/www.porc-authentique.com\/wp-content\/uploads\/2018\/07\/ouest-france-Vitr\u00e9-02072018.pdf\">Article Ouest France<\/a> 02\/07\/2018<\/li>\n<li><a href=\"https:\/\/www.paysan-breton.fr\/2018\/06\/le-public-assiste-a-la-certification-porcs-sur-paille\/\">Article Paysan Breton<\/a> 25\/06\/2018<\/li>\n<li><a href=\"https:\/\/www.porc-authentique.com\/wp-content\/uploads\/2018\/07\/CP-Certification-Coh\u00c3\u00a9rence-\u00c3\u00a9leveur-porcs-sur-paille-Ille-et-Vilaine-140618.pdf\">Communiqu\u00e9 de Presse Certification<\/a> 14\/06\/2018<\/li>\n<li><a href=\"http:\/\/www.sans-transition-magazine.info\/en-ille-et-vilaine-nouvel-appel-projets-pour-soutenir-lagriculture-durable\">Article Sans Transition !<\/a> 20\/04\/2018<\/li>\n<li><span style=\"color: #000000;\"><a href=\"https:\/\/www.reussir.fr\/porc\/actualites\/le-porc-authentique-eleve-sur-paille-projet-pour-une-agriculture-durable:9MHHYAN8.html\">Article R\u00e9ussir Porc<\/a>\u00a024\/01\/18<\/span><\/li>\n<li><a href=\"http:\/\/www.reseau-coherence.org\/archives\/4489\">Article R\u00e9seau Coh\u00e9rence\u00a0<\/a>\u00a014\/01\/2018<\/li>\n<li><a href=\"http:\/\/www.web-agri.fr\/actualite-agricole\/economie-social\/article\/le-porc-eleve-sur-paille-une-alternative-au-bio-et-a-l-intensif-1142-133507.html\">Article Web-Agri<\/a> 23\/12\/2017<\/li>\n<li><a href=\"https:\/\/www.capital.fr\/economie-politique\/le-porc-eleve-sur-paille-une-alternative-au-bio-et-a-lintensif-1262352\">Article Capital<\/a> 22\/12\/2017<\/li>\n<li><a href=\"https:\/\/lexpansion.lexpress.fr\/actualites\/1\/actualite-economique\/le-porc-eleve-sur-paille-une-alternative-au-bio-et-a-l-intensif_1971309.html\">Article L&#8217;Express L&#8217;Expansion<\/a> 22\/12\/2017<\/li>\n<li><a href=\"http:\/\/www.radiocaroline.bzh\/podcasts\/un-mode-d-elevage-plus-respectueux-de-l-environnement-du-bien-etre-animal-et-plus-remunerateur-pour-l-agriculteur-3413\">Emission Radio Caroline<\/a> 12\/12\/2017<\/li>\n<li><a href=\"https:\/\/www.paysan-breton.fr\/2017\/11\/le-porc-sur-paille-entend-essaimer-en-ille-et-vilaine\/\">Article Paysan Breton<\/a> 18\/11\/2017<\/li>\n<li><a href=\"https:\/\/www.porc-authentique.com\/wp-content\/uploads\/2018\/07\/Article-Conf-Presse-PA-35-hebdo-armor-181117-1.pdf\">Article l&#8217;Hebdo d&#8217;Armor Pays de Broc\u00e9liande<\/a> 18\/11\/2017<\/li>\n<li><a href=\"https:\/\/www.ouest-france.fr\/economie\/agriculture\/les-porcs-eleves-sur-paille-ont-leur-marque-5382533\">Article Ouest France<\/a> 16\/11\/2017<\/li>\n<li><a href=\"https:\/\/www.ouest-france.fr\/bretagne\/plelo-22170\/le-porc-eleve-sur-paille-un-bel-avenir-5378797\">Article Ouest France<\/a> 13\/11\/2017<\/li>\n<li><a href=\"https:\/\/www.alternatives-economiques.fr\/porc-paille-lautre-modele-bretagne\/00079820\">Article Alternatives \u00e9conomiques<\/a> 20\/07\/2017<\/li>\n<li><a href=\"https:\/\/www.letelegramme.fr\/cotes-darmor\/dinan\/porcs-sur-paille-la-filiere-seduit-de-plus-en-plus-30-10-2016-11274053.php\">Article Le t\u00e9l\u00e9gramme<\/a> 30\/10\/2016<\/li>\n<li><a href=\"https:\/\/saint-malo.maville.com\/actu\/actudet_-saint-malo.-le-porc-eleve-sur-paille-arrive-sur-les-marches_loc-3073063_actu.Htm\">Article Ouest France<\/a> 25\/10\/2016<\/li>\n<li><a href=\"http:\/\/www.villagemagazine.fr\/une-production-porcine-durable\">Article Village Magazine<\/a> 21\/06\/2016<\/li>\n<li><a href=\"https:\/\/www.franceinter.fr\/emissions\/carnets-de-campagne\/carnets-de-campagne-07-juin-2016\">Emission France Inter<\/a> 07\/06\/2016<\/li>\n<li><a href=\"https:\/\/www.commercequitable.org\/images\/pdf\/brochure%20ce%20nord-nord%20vf%20version%20web.pdf\">Brochure CE Nord Nord<\/a> Juin 2016<\/li>\n<li><a href=\"https:\/\/reporterre.net\/Ces-eleveurs-de-porcs-qui-se-soucient-d-ecologie-et-de-bien-etre-animal\">Article Reporterre<\/a> 27\/05\/2016<\/li>\n<li><a href=\"http:\/\/www.letelegramme.fr\/cotes-darmor\/plestin-les-greves\/porc-sur-paille-cahier-des-charges-exigeant-16-05-2016-11068993.php\">Article Le T\u00e9l\u00e9gramme<\/a> 16\/05\/2016<\/li>\n<li><a href=\"https:\/\/rcf.fr\/actualite\/le-porc-authentique-sur-paille-une-alternative-la-crise-agricole\">Emission RCF<\/a> 03\/03\/2016<\/li>\n<li><a href=\"http:\/\/www.ouest-france.fr\/bretagne\/medreac-35360\/coherence-accompagne-les-eleveurs-de-porcs-sur-paille-4049506\">Article Ouest France<\/a> 20\/02\/2016<\/li>\n<li><a href=\"http:\/\/www.franceculture.fr\/emission-le-magazine-de-la-redaction-une-autre-agriculture-en-marche-2015-10-23-0\">Emission France Culture<\/a> 23\/10\/2015<\/li>\n<li><a href=\"https:\/\/www.porc-authentique.com\/wp-content\/uploads\/2014\/04\/Compte-Rendu-Conf%C3%A9rence-de-presse-le-d%C3%A9veloppement-du-Porc-Authentique-%C3%A9lev%C3%A9-sur-paille-en-pays-de-Guingamp.pdf\">CR Conf\u00e9rence de presse<\/a> 28\/04\/2015<\/li>\n<li><a href=\"http:\/\/www.paysan-breton.fr\/2015\/04\/le-porc-authentique-se-vend-a-prix-fixe\/\">Article Paysan Breton<\/a> 24\/04\/2015<\/li>\n<li><a href=\"http:\/\/www.lepenthievre.fr\/2015\/03\/08\/cuisine-centrale-les-cochons-sont-meilleurs-eleves-sur-paille\/\">Article Le Penthi\u00e8vre<\/a> 11\/03\/2015<\/li>\n<li><a href=\"http:\/\/www.letelegramme.fr\/cotes-darmor\/lamballe\/porc-eleve-sur-paille-le-reseau-coherence-veut-valoriser-la-qualite-27-02-2015-10539724.php\">Article Le T\u00e9l\u00e9gramme<\/a> 27\/02\/2015<\/li>\n<li><a href=\"http:\/\/www.ouest-france.fr\/bretagne\/ploufragan-22440\/du-porc-authentique-eleve-sur-paille-ploufragan-2631140\">Article Ouest France<\/a> 19\/06\/2014<\/li>\n<li><a href=\"http:\/\/www.bretagne-durable.info\/pour-leau-pour-nos-territoires-porc-sur-paille-naturellement\">Article Bretagne Durable<\/a> 2014<\/li>\n<li><a href=\"http:\/\/terra.reussir.fr\/actualites\/une-nouvelle-filiere-qualite-en-porc:JG1KYK18.html\">Article Terra<\/a> 21\/01\/2014<\/li>\n<li><a href=\"http:\/\/cmscoh.alwaysdata.net\/porc\/wp-content\/uploads\/2014\/04\/T%C3%A9l%C3%A9gramme-12-d%C3%A9c-2013.pdf\">Article Le T\u00e9l\u00e9gramme<\/a> 12\/12\/2013<\/li>\n<li><a href=\"http:\/\/www.pelerin.com\/A-la-une\/Objectif-emploi\/Emploi-et-solidarite-initiatives-et-solutions-alternatives\/L-agroalimentaire-breton-en-quete-d-un-nouveau-souffle\">Article P\u00e8lerin Magazine<\/a>\u00a022\/10\/2013<\/li>\n<li><a href=\"https:\/\/www.ouest-france.fr\/bretagne\/saint-brieuc-22000\/du-porc-authentique-eleve-sur-paille-la-boucherie-1611452\">Article Ouest France<\/a> 07\/10\/2013<\/li>\n<li><a href=\"http:\/\/cmscoh.alwaysdata.net\/porc\/wp-content\/uploads\/2014\/04\/Ouest-France-27-sept-2013.pdf\">Article Ouest France<\/a> 27\/09\/2013<\/li>\n<li><a href=\"http:\/\/cmscoh.alwaysdata.net\/porc\/wp-content\/uploads\/2014\/04\/T%C3%A9l%C3%A9gramme-25-sept-2013.pdf\">Article Le T\u00e9l\u00e9gramme<\/a> 25\/09\/2013<\/li>\n<li><a href=\"https:\/\/www.porc-authentique.com\/wp-admin\/Lamballe.%20Le%20porc%20%C3%A9lev%C3%A9%20sur%20paille%20:%20un%20gage%20de%20qualit%C3%A9\">Article Ouest France<\/a> 01\/06\/2013<\/li>\n<li><a href=\"http:\/\/www.laboss.fr\/gamme\/le-porc-authentique-eleve-sur-paille\/id\/51265.html\">Article internet La Boss<\/a><\/li>\n<\/ul>\n<\/div>","protected":false},"excerpt":{"rendered":"<p>Revue de presse d&#8217;un r\u00e9seau qui n&#8217;attend que vous pour s&#8217;\u00e9toffer&#8230; Article Le Monde : &#8220;Rennes organise sa r\u00e9volution agricole&#8221; 17 janvier 2019 Suppl\u00e9ment &#8220;Bien \u00eatre Animal&#8221; 60 Millions de consommateurs Nov-D\u00e9c 2018 Article Le Paysan Breton\u00a0 (acc\u00e8s r\u00e9serv\u00e9) 06\/10\/18 Article Ouest France\u00a0 06\/09\/18 Article Le T\u00e9l\u00e9gramme\u00a005\/09\/18 Reportage RCF 22 05\/09\/18 \u00a0Reportage France 3 Bretagne\u00a0 &hellip; <a href=\"https:\/\/www.porc-authentique.com\/?page_id=30\" class=\"more-link\">Lire la suite de <span class=\"screen-reader-text\">Revue de presse<\/span><\/a><\/p>\n","protected":false},"author":4,"featured_media":0,"parent":0,"menu_order":300,"comment_status":"closed","ping_status":"open","template":"","meta":{"footnotes":""},"_links":{"self":[{"href":"https:\/\/www.porc-authentique.com\/index.php?rest_route=\/wp\/v2\/pages\/30"}],"collection":[{"href":"https:\/\/www.porc-authentique.com\/index.php?rest_route=\/wp\/v2\/pages"}],"about":[{"href":"https:\/\/www.porc-authentique.com\/index.php?rest_route=\/wp\/v2\/types\/page"}],"author":[{"embeddable":true,"href":"https:\/\/www.porc-authentique.com\/index.php?rest_route=\/wp\/v2\/users\/4"}],"replies":[{"embeddable":true,"href":"https:\/\/www.porc-authentique.com\/index.php?rest_route=%2Fwp%2Fv2%2Fcomments&post=30"}],"version-history":[{"count":33,"href":"https:\/\/www.porc-authentique.com\/index.php?rest_route=\/wp\/v2\/pages\/30\/revisions"}],"predecessor-version":[{"id":753,"href":"https:\/\/www.porc-authentique.com\/index.php?rest_route=\/wp\/v2\/pages\/30\/revisions\/753"}],"wp:attachment":[{"href":"https:\/\/www.porc-authentique.com\/index.php?rest_route=%2Fwp%2Fv2%2Fmedia&parent=30"}],"curies":[{"name":"wp","href":"https:\/\/api.w.org\/{rel}","templated":true}]}}