{"id":28,"date":"2014-04-02T10:07:22","date_gmt":"2014-04-02T09:07:22","guid":{"rendered":"http:\/\/cmscoh.alwaysdata.net\/porc\/?page_id=28"},"modified":"2023-06-09T09:37:03","modified_gmt":"2023-06-09T08:37:03","slug":"professionnels","status":"publish","type":"page","link":"https:\/\/www.porc-authentique.com\/?page_id=28","title":{"rendered":"O\u00f9 trouver le Porc Authentique \u00e9lev\u00e9 sur paille ?"},"content":{"rendered":"<div style=\"background-repeat: no-repeat;\"><p><iframe loading=\"lazy\" src=\"https:\/\/www.google.com\/maps\/d\/embed?mid=1rfJkOHg5jUGW8x0F9BuxHbhjXToScwgP\" width=\"640\" height=\"480\"><\/iframe><\/p>\n<h2><span style=\"color: #ff6600;\">\u00a0Artisans bouchers-charcutiers traiteurs<\/span><\/h2>\n<p><strong><a href=\"https:\/\/www.porc-authentique.com\/wp-content\/uploads\/2019\/06\/photo-Proxi.png\"><img loading=\"lazy\" decoding=\"async\" class=\"wp-image-793 alignleft\" src=\"https:\/\/www.porc-authentique.com\/wp-content\/uploads\/2019\/06\/photo-Proxi-300x188.png\" alt=\"\" width=\"182\" height=\"114\" srcset=\"https:\/\/www.porc-authentique.com\/wp-content\/uploads\/2019\/06\/photo-Proxi-300x188.png 300w, https:\/\/www.porc-authentique.com\/wp-content\/uploads\/2019\/06\/photo-Proxi-768x482.png 768w, https:\/\/www.porc-authentique.com\/wp-content\/uploads\/2019\/06\/photo-Proxi-700x440.png 700w, https:\/\/www.porc-authentique.com\/wp-content\/uploads\/2019\/06\/photo-Proxi.png 901w\" sizes=\"(max-width: 182px) 100vw, 182px\" \/><\/a><\/strong><strong> Proxi Super<br \/>\n<\/strong>117, Rue Paul Bert<br \/>\n22000 Saint-Brieuc<br \/>\n02.96.33.06.11<\/p>\n<p><a href=\"https:\/\/www.porc-authentique.com\/wp-content\/uploads\/2019\/06\/charcuterie-boucherie-All\u00e9e.jpg\"><img loading=\"lazy\" decoding=\"async\" class=\"wp-image-844 alignleft\" src=\"https:\/\/www.porc-authentique.com\/wp-content\/uploads\/2019\/06\/charcuterie-boucherie-All\u00e9e-300x241.jpg\" alt=\"\" width=\"182\" height=\"146\" srcset=\"https:\/\/www.porc-authentique.com\/wp-content\/uploads\/2019\/06\/charcuterie-boucherie-All\u00e9e-300x241.jpg 300w, https:\/\/www.porc-authentique.com\/wp-content\/uploads\/2019\/06\/charcuterie-boucherie-All\u00e9e.jpg 460w\" sizes=\"(max-width: 182px) 100vw, 182px\" \/><\/a> <strong>Boucherie Charcuterie All\u00e9e<br \/>\n<\/strong>29, rue Belle Vue<br \/>\n22520 Binic<br \/>\n02 96 73 62 36<\/p>\n<p><strong>Franck Marchand <\/strong><br \/>\n<span class=\"LrzXr\">1 Pl. de l&#8217;\u00c9glise<br \/>\n56430 Mauron<br \/>\n<span class=\"LrzXr zdqRlf kno-fv\"><span data-dtype=\"d3ph\" data-local-attribute=\"d3ph\">02 97 70 21 56 \/ <a href=\"_wp_link_placeholder\" data-wplink-edit=\"true\">Facebook<\/a><\/span><\/span><\/span><\/p>\n<p><strong>La Boutique Plumieux<br \/>\n<\/strong><strong><br \/>\n<\/strong><\/p>\n<h2><span style=\"color: #ff6600;\">Les producteurs de porcs sur paille<\/span><\/h2>\n<p><a href=\"https:\/\/www.porc-authentique.com\/wp-content\/uploads\/2014\/04\/P3310034.jpg\"><img loading=\"lazy\" decoding=\"async\" class=\" wp-image-304 alignleft\" src=\"https:\/\/www.porc-authentique.com\/wp-content\/uploads\/2014\/04\/P3310034.jpg\" alt=\"P3310034\" width=\"252\" height=\"189\" \/><\/a>\u00a0 \u00a0 \u00a0 \u00a0 \u00a0 <strong>Norbert Lesn\u00e9<\/strong><\/p>\n<p><em>Naisseur engraisseur<\/em><br \/>\nLa Corderie<br \/>\n14, Rue de la Lib\u00e9ration<br \/>\n22170 Pl\u00e9lo<\/p>\n<p><em>\u00a0\u00a0\u00a0\u00a0 \u00a0 \u00a0 \u00a0 \u00a0 \u00a0 \u00a0 \u00a0 \u00a0 \u00a0 \u00a0 \u00a0 \u00a0 \u00a0 \u00a0 \u00a0 \u00a0 \u00a0 \u00a0 \u00a0 \u00a0 \u00a0 \u00a0 \u00a0 \u00a0\u00a0 <a href=\"https:\/\/www.porc-authentique.com\/wp-content\/uploads\/2018\/10\/DSC_0301.jpg\"><img loading=\"lazy\" decoding=\"async\" class=\"wp-image-671 alignleft\" src=\"https:\/\/www.porc-authentique.com\/wp-content\/uploads\/2018\/10\/DSC_0301-300x200.jpg\" alt=\"\" width=\"266\" height=\"181\" \/><\/a><br \/>\n<\/em>\u00a0 <strong>Jean-Fran\u00e7ois Marsollier<\/strong><\/p>\n<p><em>Engraisseur<br \/>\n<\/em>Route de la Vieuville<br \/>\n35130 Moutiers<\/p>\n<p><a href=\"https:\/\/www.porc-authentique.com\/wp-content\/uploads\/2022\/08\/cropped-20220620_201127.png\"><img loading=\"lazy\" decoding=\"async\" class=\"wp-image-1025 alignleft\" src=\"https:\/\/www.porc-authentique.com\/wp-content\/uploads\/2022\/08\/cropped-20220620_201127-300x187.png\" alt=\"\" width=\"264\" height=\"164\" srcset=\"https:\/\/www.porc-authentique.com\/wp-content\/uploads\/2022\/08\/cropped-20220620_201127-300x187.png 300w, https:\/\/www.porc-authentique.com\/wp-content\/uploads\/2022\/08\/cropped-20220620_201127-1024x637.png 1024w, https:\/\/www.porc-authentique.com\/wp-content\/uploads\/2022\/08\/cropped-20220620_201127-768x478.png 768w, https:\/\/www.porc-authentique.com\/wp-content\/uploads\/2022\/08\/cropped-20220620_201127.png 1080w\" sizes=\"(max-width: 264px) 100vw, 264px\" \/><\/a>\u00a0 <strong>Jean-Fran\u00e7ois Viel<\/strong><\/p>\n<p><em>Engraisseur<br \/>\n<\/em>La Tinguais<br \/>\n22210 Illifaut<\/p>\n<h2><span style=\"color: #ff6600; letter-spacing: 1px;\"><br \/>\nPrestataires abattage<\/span><\/h2>\n<p><strong>\u00a0 <a href=\"https:\/\/www.porc-authentique.com\/wp-content\/uploads\/2014\/04\/P4290400-e1571844995793.jpg\"><img loading=\"lazy\" decoding=\"async\" class=\"wp-image-291 alignleft\" src=\"https:\/\/www.porc-authentique.com\/wp-content\/uploads\/2014\/04\/P4290400-300x225.jpg\" alt=\"\" width=\"212\" height=\"159\" \/><\/a>\u00ab Soci\u00e9t\u00e9 Quintin Viandes <span style=\"font-family: Oswald, sans-serif; font-size: 18px; letter-spacing: 1px;\">\u00bb<br \/>\n<\/span><\/strong>5, rue de la Magdeleine<br \/>\n22800 QUINTIN<br \/>\n02.96.74.92.29\u00a0\u00a0<a href=\"https:\/\/www.quintin-viandes.fr\/\"> https:\/\/www.quintin-viandes.fr\/<\/a><\/p>\n<p><a href=\"https:\/\/www.porc-authentique.com\/wp-content\/uploads\/2018\/07\/Logo-Abera.jpg\"><img loading=\"lazy\" decoding=\"async\" class=\"alignleft wp-image-609\" src=\"https:\/\/www.porc-authentique.com\/wp-content\/uploads\/2018\/07\/Logo-Abera-300x128.jpg\" alt=\"\" width=\"258\" height=\"110\" srcset=\"https:\/\/www.porc-authentique.com\/wp-content\/uploads\/2018\/07\/Logo-Abera-300x128.jpg 300w, https:\/\/www.porc-authentique.com\/wp-content\/uploads\/2018\/07\/Logo-Abera.jpg 620w\" sizes=\"(max-width: 258px) 100vw, 258px\" \/><\/a><strong> \u00ab Abera <span style=\"font-family: Oswald, sans-serif; font-size: 18px; letter-spacing: 1px;\">\u00bb<br \/>\n<\/span><\/strong>Rue Victor Roussin<br \/>\n35460 Saint-Brice-en-Cogl\u00e8s<br \/>\n02 99 98 61 36 \u00a0 <a href=\"https:\/\/www.abera.fr\">www.abera.fr<\/a><\/p>\n<h2><\/h2>\n<h2><span style=\"color: #ff6600; letter-spacing: 1px;\">Logistique -Transformation &#8211; Salaisonnerie &#8211; Conserverie<\/span><\/h2>\n<p style=\"text-align: center;\"><a href=\"https:\/\/www.porc-authentique.com\/wp-content\/uploads\/2018\/07\/Maison-David-Monique-Puceul.jpg\"><img loading=\"lazy\" decoding=\"async\" class=\"alignleft wp-image-602\" src=\"https:\/\/www.porc-authentique.com\/wp-content\/uploads\/2018\/07\/Maison-David-Monique-Puceul.jpg\" alt=\"\" width=\"290\" height=\"176\" \/><\/a><strong>\u00a0 \u00a0 \u00a0 \u00a0 \u00a0 \u00a0Maison &#8221; David Monique &#8221;\u00a0 \u00a0 \u00a0 <em>(grossiste, transport, d\u00e9coupe,\u00a0 transformation)<\/em><\/strong><\/p>\n<p>\u00a0 \u00a0 \u00a0 \u00a0 \u00a0 \u00a0 \u00a0 \u00a0 \u00a0La Haute Boulardi\u00e8re<br \/>\n44390 Puceul<br \/>\n02 40 79 34 88<\/p>\n<p><a href=\"https:\/\/www.porc-authentique.com\/wp-content\/uploads\/2018\/07\/Salaisonnier-Ritou-Corr\u00e8ze.jpg\"><img loading=\"lazy\" decoding=\"async\" class=\"alignleft wp-image-603\" src=\"https:\/\/www.porc-authentique.com\/wp-content\/uploads\/2018\/07\/Salaisonnier-Ritou-Corr\u00e8ze.jpg\" alt=\"\" width=\"253\" height=\"209\" \/><\/a><strong>\u00a0 \u00a0 \u00a0 \u00a0 \u00a0 \u00a0 \u00a0 \u00ab\u00a0 Andr\u00e9 Ritou Charcutier\u00a0 \u00a0 \u00a0 \u00a0 \u00a0 \u00a0 \u00a0 \u00a0 \u00a0 \u00a0 <\/strong><em><strong>( salaisonnerie fra\u00eeche et s\u00e8che)<\/strong><\/em><\/p>\n<p>2, place du docteur Aussoleil<br \/>\n19320 Marcillac la Croisille<br \/>\n05 55 27 80 71<\/p>\n<p><a href=\"https:\/\/andre-ritou.jimdo.com\">andre-ritou.jimdo.com<\/a><\/p>\n<p><a href=\"https:\/\/www.porc-authentique.com\/wp-content\/uploads\/2019\/06\/Le-Moullec-Viandes.png\"><img loading=\"lazy\" decoding=\"async\" class=\"wp-image-825 alignleft\" src=\"https:\/\/www.porc-authentique.com\/wp-content\/uploads\/2019\/06\/Le-Moullec-Viandes-300x217.png\" alt=\"\" width=\"249\" height=\"180\" srcset=\"https:\/\/www.porc-authentique.com\/wp-content\/uploads\/2019\/06\/Le-Moullec-Viandes-300x217.png 300w, https:\/\/www.porc-authentique.com\/wp-content\/uploads\/2019\/06\/Le-Moullec-Viandes.png 414w\" sizes=\"(max-width: 249px) 100vw, 249px\" \/><\/a>\u00a0 \u00a0 \u00a0 \u00a0 \u00a0 \u00a0 \u00a0 \u00a0 \u00a0 \u00a0 \u00a0 \u00a0 \u00a0 \u00a0 \u00a0 \u00a0 \u00a0 \u00a0 \u00a0 \u00a0 \u00a0 \u00a0 \u00a0 \u00a0 \u00a0 \u00a0 \u00a0 \u00a0 \u00a0 \u00a0 \u00a0 \u00a0 \u00a0 \u00a0 \u00a0 \u00a0 \u00a0 \u00a0 \u00a0 \u00a0 \u00a0<strong>Denis Le Moullec\u00a0<\/strong>\u00a0 \u00a0 \u00a0 \u00a0 \u00a0 \u00a0 \u00a0 \u00a0 \u00a0 \u00a0 \u00a0 \u00a0 \u00a0 \u00a0 \u00a0\u00a0<em><strong>(grossiste, d\u00e9coupe, transformation)\u00a0<\/strong><\/em><\/p>\n<p>7, Rue Danton\u00a0 \u00a0 \u00a0 \u00a0 \u00a0 \u00a0 \u00a0 \u00a0 \u00a0 \u00a0 \u00a0 \u00a0 \u00a0 \u00a0 \u00a0 \u00a0 \u00a0 \u00a0 \u00a0 \u00a0 \u00a0 \u00a0 \u00a0 \u00a022000 Saint-Brieuc\u00a0 \u00a0 \u00a0 \u00a0 \u00a0 \u00a0 \u00a0 \u00a0 \u00a0 \u00a0 \u00a0 \u00a0 \u00a0 \u00a0 \u00a0 \u00a0 \u00a0 \u00a0 \u00a0 \u00a0 \u00a0 \u00a0 \u00a0 02.96.94.11.58<\/p>\n<p><strong>\u00a0<a href=\"https:\/\/www.porc-authentique.com\/wp-content\/uploads\/2019\/06\/Conserverie-Langonnet.png\"><img loading=\"lazy\" decoding=\"async\" class=\"wp-image-829 alignleft\" src=\"https:\/\/www.porc-authentique.com\/wp-content\/uploads\/2019\/06\/Conserverie-Langonnet-300x173.png\" alt=\"\" width=\"277\" height=\"160\" srcset=\"https:\/\/www.porc-authentique.com\/wp-content\/uploads\/2019\/06\/Conserverie-Langonnet-300x173.png 300w, https:\/\/www.porc-authentique.com\/wp-content\/uploads\/2019\/06\/Conserverie-Langonnet-700x404.png 700w, https:\/\/www.porc-authentique.com\/wp-content\/uploads\/2019\/06\/Conserverie-Langonnet.png 718w\" sizes=\"(max-width: 277px) 100vw, 277px\" \/><\/a> \u00a0 \u00a0 \u00a0 \u00a0 \u00a0 \u00a0 \u00a0 \u00a0 \u00a0 \u00a0 \u00a0 \u00a0 \u00a0 \u00a0 \u00a0 \u00a0 \u00a0 \u00a0 \u00a0 \u00a0 \u00a0 \u00a0 \u00a0 \u00a0 \u00a0 \u00a0 \u00a0 \u00a0 \u00a0 \u00a0 \u00a0 \u00a0 \u00a0 \u00a0 \u00a0 \u00a0 \u00a0 \u00a0Conserverie de l&#8217;Abbaye\u00a0 \u00a0 \u00a0 \u00a0 \u00a0 \u00a0 \u00a0 \u00a0 \u00a0<\/strong><em><strong>(charcuterie, salaison, artisan)<\/strong><\/em><\/p>\n<p>23, Rue de Cornouaille\u00a0 \u00a0 \u00a0 \u00a0 \u00a0 \u00a0 \u00a0 \u00a0 \u00a0 \u00a0 \u00a0 \u00a0 \u00a0 \u00a0 \u00a0 \u00a0 56630 Langonnet\u00a0 \u00a0 \u00a0 \u00a0 \u00a0 \u00a0 \u00a0 \u00a0 \u00a0 \u00a0 \u00a0 \u00a0 \u00a0 \u00a0 \u00a0 \u00a0 \u00a0 \u00a0 \u00a0 \u00a002.97.23.97.65<\/p>\n<\/div>","protected":false},"excerpt":{"rendered":"<p>\u00a0Artisans bouchers-charcutiers traiteurs Proxi Super 117, Rue Paul Bert 22000 Saint-Brieuc 02.96.33.06.11 Boucherie Charcuterie All\u00e9e 29, rue Belle Vue 22520 Binic 02 96 73 62 36 Franck Marchand 1 Pl. de l&#8217;\u00c9glise 56430 Mauron 02 97 70 21 56 \/ Facebook La Boutique Plumieux Les producteurs de porcs sur paille \u00a0 \u00a0 \u00a0 \u00a0 \u00a0 &hellip; <a href=\"https:\/\/www.porc-authentique.com\/?page_id=28\" class=\"more-link\">Lire la suite de <span class=\"screen-reader-text\">O\u00f9 trouver le Porc Authentique \u00e9lev\u00e9 sur paille ?<\/span><\/a><\/p>\n","protected":false},"author":4,"featured_media":0,"parent":0,"menu_order":400,"comment_status":"closed","ping_status":"closed","template":"","meta":{"footnotes":""},"_links":{"self":[{"href":"https:\/\/www.porc-authentique.com\/index.php?rest_route=\/wp\/v2\/pages\/28"}],"collection":[{"href":"https:\/\/www.porc-authentique.com\/index.php?rest_route=\/wp\/v2\/pages"}],"about":[{"href":"https:\/\/www.porc-authentique.com\/index.php?rest_route=\/wp\/v2\/types\/page"}],"author":[{"embeddable":true,"href":"https:\/\/www.porc-authentique.com\/index.php?rest_route=\/wp\/v2\/users\/4"}],"replies":[{"embeddable":true,"href":"https:\/\/www.porc-authentique.com\/index.php?rest_route=%2Fwp%2Fv2%2Fcomments&post=28"}],"version-history":[{"count":108,"href":"https:\/\/www.porc-authentique.com\/index.php?rest_route=\/wp\/v2\/pages\/28\/revisions"}],"predecessor-version":[{"id":1109,"href":"https:\/\/www.porc-authentique.com\/index.php?rest_route=\/wp\/v2\/pages\/28\/revisions\/1109"}],"wp:attachment":[{"href":"https:\/\/www.porc-authentique.com\/index.php?rest_route=%2Fwp%2Fv2%2Fmedia&parent=28"}],"curies":[{"name":"wp","href":"https:\/\/api.w.org\/{rel}","templated":true}]}}