{"id":104,"date":"2014-04-03T08:49:18","date_gmt":"2014-04-03T07:49:18","guid":{"rendered":"http:\/\/cmscoh.alwaysdata.net\/porc\/?page_id=104"},"modified":"2020-02-04T16:19:46","modified_gmt":"2020-02-04T15:19:46","slug":"contact","status":"publish","type":"page","link":"https:\/\/www.porc-authentique.com\/?page_id=104","title":{"rendered":"Contact"},"content":{"rendered":"<div style=\"background-repeat: no-repeat;\">\n<h2 class=\"wp-block-heading\">pour en savoir plus sur la d\u00e9marche initi\u00e9e par Coh\u00e9rence<\/h2>\n\n\n\n<p>R\u00e9seau Coh\u00e9rence &#8211; d\u00e9l\u00e9gation des C\u00f4tes d&#8217;Armor<\/p>\n\n\n\n<p>2 avenue du Chalutier Sans Piti\u00e9<\/p>\n\n\n\n<p>22190 Pl\u00e9rin<\/p>\n\n\n\n<p>actuellement (suite \u00e0 des changements de personnel), merci de joindre le  <a>06 73 21 06 66<\/a>  <\/p>\n\n\n\n<h2 class=\"wp-block-heading\">contacts <\/h2>\n\n\n\n<p>Julian Pondaven &#8211; directeur au num\u00e9ro de t\u00e9l\u00e9phone indiqu\u00e9 ci-dessus<\/p>\n\n\n\n<p>Johanne Gicquel &#8211; charg\u00e9e de mission Agriculture Durable (en poste jusque courant f\u00e9vrier 2020)<\/p>\n\n\n\n<p>johanne.gicquel@reseau-coherence.org<\/p>\n\n\n\n<p><\/p>\n<\/div>","protected":false},"excerpt":{"rendered":"<p>pour en savoir plus sur la d\u00e9marche initi\u00e9e par Coh\u00e9rence R\u00e9seau Coh\u00e9rence &#8211; d\u00e9l\u00e9gation des C\u00f4tes d&#8217;Armor 2 avenue du Chalutier Sans Piti\u00e9 22190 Pl\u00e9rin actuellement (suite \u00e0 des changements de personnel), merci de joindre le 06 73 21 06 66 contacts Julian Pondaven &#8211; directeur au num\u00e9ro de t\u00e9l\u00e9phone indiqu\u00e9 ci-dessus Johanne Gicquel &#8211; &hellip; <a href=\"https:\/\/www.porc-authentique.com\/?page_id=104\" class=\"more-link\">Lire la suite de <span class=\"screen-reader-text\">Contact<\/span><\/a><\/p>\n","protected":false},"author":5,"featured_media":0,"parent":0,"menu_order":1000,"comment_status":"closed","ping_status":"open","template":"","meta":{"footnotes":""},"_links":{"self":[{"href":"https:\/\/www.porc-authentique.com\/index.php?rest_route=\/wp\/v2\/pages\/104"}],"collection":[{"href":"https:\/\/www.porc-authentique.com\/index.php?rest_route=\/wp\/v2\/pages"}],"about":[{"href":"https:\/\/www.porc-authentique.com\/index.php?rest_route=\/wp\/v2\/types\/page"}],"author":[{"embeddable":true,"href":"https:\/\/www.porc-authentique.com\/index.php?rest_route=\/wp\/v2\/users\/5"}],"replies":[{"embeddable":true,"href":"https:\/\/www.porc-authentique.com\/index.php?rest_route=%2Fwp%2Fv2%2Fcomments&post=104"}],"version-history":[{"count":30,"href":"https:\/\/www.porc-authentique.com\/index.php?rest_route=\/wp\/v2\/pages\/104\/revisions"}],"predecessor-version":[{"id":879,"href":"https:\/\/www.porc-authentique.com\/index.php?rest_route=\/wp\/v2\/pages\/104\/revisions\/879"}],"wp:attachment":[{"href":"https:\/\/www.porc-authentique.com\/index.php?rest_route=%2Fwp%2Fv2%2Fmedia&parent=104"}],"curies":[{"name":"wp","href":"https:\/\/api.w.org\/{rel}","templated":true}]}}